{"id":3753,"date":"2018-09-03T01:28:18","date_gmt":"2018-09-03T00:28:18","guid":{"rendered":"https:\/\/www.lbr-store.com\/centro-de-privacidade\/politica-de-cookies\/"},"modified":"2018-11-14T16:24:30","modified_gmt":"2018-11-14T16:24:30","slug":"politica-de-cookies","status":"publish","type":"page","link":"https:\/\/www.lbr-store.com\/en\/politica-de-cookies\/","title":{"rendered":"Cookies Policy"},"content":{"rendered":"<div>Like most websites, in order for our platform to function properly, we occasionally install small files called cookies on your computer or mobile device.<\/div>\n<div><\/div>\n<div><span style=\"font-size: 130%;\"><strong>What are cookies?<\/strong><\/span><\/div>\n<div><\/div>\n<div>A cookie is a small text file that the website installs on your computer or mobile device when you visit it. These files allow the website to \"remember\" your actions and preferences for a certain period of time, namely your username, chosen language, display settings, etc. This is why when you scroll through the pages of a website or return to a website you have already visited, you do not, in principle, have to re-enter your preferences.<\/div>\n<div><\/div>\n<p><span style=\"font-size: 130%;\"><strong>Website functionality<\/strong><\/span><\/p>\n<p>The sharing function is used on social networks by visitors to recommend visiting our website and sharing content. Cookies store information about how visitors use this function, not on an individual level, so that the website can be improved. If you do not accept the cookies, no information will be collected.<\/p>\n<p>For some functions integrated into our website, we use external providers, for example when you visit pages with videos or Youtube links. These videos or links (and any content from external providers) may contain cookies from these external providers, so you should consult their cookie policy.<\/p>\n<p><span style=\"font-size: 130%;\"><strong>What cookies do we use?<\/strong><\/span><\/p>\n<p>This website uses Google Analytics which uses cookies. These cookies store information about how users navigate the website, including the number of pages they visit, where they come from and the number of visits to improve the website and ensure a good user experience. If you do not accept cookies, no information is stored.<\/p>\n<p><span style=\"font-size: 130%;\"><strong>How to reject cookies?<\/strong><\/span><\/p>\n<p>We do not use cookies to collect visitors' identity information.<\/p>\n<p>However, you can choose to reject or block sets of cookies set by the LBR STORE by modifying your browser settings - see \"help function\" in your browser for more details. Please note that most browsers accept cookies automatically, so if you do not wish cookies to be used, you will need to disable or block cookies.<\/p>\n<p>For information on how to use cookies in mobile device browsers and for details of how to reject these cookies, please consult your device's manual.<\/p>\n<div class=\"row align-middle align-center\"  id=\"row-2127557831\">\n\n\t<div id=\"col-1626013604\" class=\"col small-12 large-12\"  >\n\t\t\t\t<div class=\"col-inner text-center\"  >\n\t\t\t\n\t\t\t\n\t<div id=\"gap-2855301\" class=\"gap-element clearfix\" style=\"display:block; height:auto;\">\n\t\t\n<style>\n#gap-2855301 {\n  padding-top: 30px;\n}\n<\/style>\n\t<\/div>\n\t\n<a href=\"https:\/\/www.lbr-store.com\/en\/form-view\/2\/\" target=\"_self\" class=\"button primary is-outline\"  >\n    <span>form for the exercise of personal data subject's rights<\/span>\n  <\/a>\n\n\t\t<\/div>\n\t\t\t\t\t<\/div>\n\n\t\n<\/div>\n<div class=\"row\"  id=\"row-1562565047\">\n\n<\/div>","protected":false},"excerpt":{"rendered":"<p>Like most websites, in order for our platform to function properly, we occasionally install small files called cookies on your computer or mobile device. What are cookies? A cookie is a small text file that the website installs on your computer or mobile device when you visit it. These files allow [...]","protected":false},"author":1,"featured_media":0,"parent":0,"menu_order":0,"comment_status":"closed","ping_status":"closed","template":"","meta":[],"yoast_head":"<!-- This site is optimized with the Yoast SEO Premium plugin v17.6 (Yoast SEO v17.6) - https:\/\/yoast.com\/wordpress\/plugins\/seo\/ -->\n<title>Pol\u00edtica de Cookies - LBR Store<\/title>\n<meta name=\"robots\" content=\"noindex, follow\" \/>\n<meta property=\"og:locale\" content=\"en_GB\" \/>\n<meta property=\"og:type\" content=\"article\" \/>\n<meta property=\"og:title\" content=\"Pol\u00edtica de Cookies\" \/>\n<meta property=\"og:description\" content=\"Tal como a maioria dos websites, para que a nossa plataforma possa funcionar corretamente, instalamos pontualmente no seu computador ou dispositivo m\u00f3vel pequenos ficheiros denominados cookies. O que s\u00e3o cookies? Um cookie \u00e9 um pequeno ficheiro de texto que o website instala no seu computador ou dispositivo m\u00f3vel quando o visita. Estes ficheiros permitem que [...]\" \/>\n<meta property=\"og:url\" content=\"https:\/\/www.lbr-store.com\/en\/politica-de-cookies\/\" \/>\n<meta property=\"og:site_name\" content=\"LBR Store\" \/>\n<meta property=\"article:publisher\" content=\"https:\/\/www.facebook.com\/LBR-store-763861013946217\/\" \/>\n<meta property=\"article:modified_time\" content=\"2018-11-14T16:24:30+00:00\" \/>\n<meta name=\"twitter:card\" content=\"summary_large_image\" \/>\n<meta name=\"twitter:label1\" content=\"Estimated reading time\" \/>\n\t<meta name=\"twitter:data1\" content=\"2 minutes\" \/>\n<script type=\"application\/ld+json\" class=\"yoast-schema-graph\">{\"@context\":\"https:\/\/schema.org\",\"@graph\":[{\"@type\":\"Organization\",\"@id\":\"https:\/\/www.lbr-store.com\/#organization\",\"name\":\"LBR Store\",\"url\":\"https:\/\/www.lbr-store.com\/\",\"sameAs\":[\"https:\/\/www.facebook.com\/LBR-store-763861013946217\/\",\"https:\/\/www.instagram.com\/lbr.store\/\"],\"logo\":{\"@type\":\"ImageObject\",\"@id\":\"https:\/\/www.lbr-store.com\/#logo\",\"inLanguage\":\"en-GB\",\"url\":\"https:\/\/www.lbr-store.com\/wp-content\/uploads\/lbr-store-2.png\",\"contentUrl\":\"https:\/\/www.lbr-store.com\/wp-content\/uploads\/lbr-store-2.png\",\"width\":1149,\"height\":1795,\"caption\":\"LBR Store\"},\"image\":{\"@id\":\"https:\/\/www.lbr-store.com\/#logo\"}},{\"@type\":\"WebSite\",\"@id\":\"https:\/\/www.lbr-store.com\/#website\",\"url\":\"https:\/\/www.lbr-store.com\/\",\"name\":\"LBR Store\",\"description\":\"Life Builds Roots\",\"publisher\":{\"@id\":\"https:\/\/www.lbr-store.com\/#organization\"},\"potentialAction\":[{\"@type\":\"SearchAction\",\"target\":{\"@type\":\"EntryPoint\",\"urlTemplate\":\"https:\/\/www.lbr-store.com\/?s={search_term_string}\"},\"query-input\":\"required name=search_term_string\"}],\"inLanguage\":\"en-GB\"},{\"@type\":\"WebPage\",\"@id\":\"https:\/\/www.lbr-store.com\/politica-de-cookies\/#webpage\",\"url\":\"https:\/\/www.lbr-store.com\/politica-de-cookies\/\",\"name\":\"Pol\\u00edtica de Cookies - LBR Store\",\"isPartOf\":{\"@id\":\"https:\/\/www.lbr-store.com\/#website\"},\"datePublished\":\"2018-09-03T00:28:18+00:00\",\"dateModified\":\"2018-11-14T16:24:30+00:00\",\"breadcrumb\":{\"@id\":\"https:\/\/www.lbr-store.com\/politica-de-cookies\/#breadcrumb\"},\"inLanguage\":\"en-GB\",\"potentialAction\":[{\"@type\":\"ReadAction\",\"target\":[\"https:\/\/www.lbr-store.com\/politica-de-cookies\/\"]}]},{\"@type\":\"BreadcrumbList\",\"@id\":\"https:\/\/www.lbr-store.com\/politica-de-cookies\/#breadcrumb\",\"itemListElement\":[{\"@type\":\"ListItem\",\"position\":1,\"name\":\"Home\",\"item\":\"https:\/\/www.lbr-store.com\/\"},{\"@type\":\"ListItem\",\"position\":2,\"name\":\"Pol\\u00edtica de Cookies\"}]}]}<\/script>\n<!-- \/ Yoast SEO Premium plugin. -->","yoast_head_json":{"title":"Pol\u00edtica de Cookies - LBR Store","robots":{"index":"noindex","follow":"follow"},"og_locale":"en_GB","og_type":"article","og_title":"Pol\u00edtica de Cookies","og_description":"Tal como a maioria dos websites, para que a nossa plataforma possa funcionar corretamente, instalamos pontualmente no seu computador ou dispositivo m\u00f3vel pequenos ficheiros denominados cookies. O que s\u00e3o cookies? Um cookie \u00e9 um pequeno ficheiro de texto que o website instala no seu computador ou dispositivo m\u00f3vel quando o visita. Estes ficheiros permitem que [...]","og_url":"https:\/\/www.lbr-store.com\/en\/politica-de-cookies\/","og_site_name":"LBR Store","article_publisher":"https:\/\/www.facebook.com\/LBR-store-763861013946217\/","article_modified_time":"2018-11-14T16:24:30+00:00","twitter_card":"summary_large_image","twitter_misc":{"Estimated reading time":"2 minutes"},"schema":{"@context":"https:\/\/schema.org","@graph":[{"@type":"Organization","@id":"https:\/\/www.lbr-store.com\/#organization","name":"LBR Store","url":"https:\/\/www.lbr-store.com\/","sameAs":["https:\/\/www.facebook.com\/LBR-store-763861013946217\/","https:\/\/www.instagram.com\/lbr.store\/"],"logo":{"@type":"ImageObject","@id":"https:\/\/www.lbr-store.com\/#logo","inLanguage":"en-GB","url":"https:\/\/www.lbr-store.com\/wp-content\/uploads\/lbr-store-2.png","contentUrl":"https:\/\/www.lbr-store.com\/wp-content\/uploads\/lbr-store-2.png","width":1149,"height":1795,"caption":"LBR Store"},"image":{"@id":"https:\/\/www.lbr-store.com\/#logo"}},{"@type":"WebSite","@id":"https:\/\/www.lbr-store.com\/#website","url":"https:\/\/www.lbr-store.com\/","name":"LBR Store","description":"Life Builds Roots","publisher":{"@id":"https:\/\/www.lbr-store.com\/#organization"},"potentialAction":[{"@type":"SearchAction","target":{"@type":"EntryPoint","urlTemplate":"https:\/\/www.lbr-store.com\/?s={search_term_string}"},"query-input":"required name=search_term_string"}],"inLanguage":"en-GB"},{"@type":"WebPage","@id":"https:\/\/www.lbr-store.com\/politica-de-cookies\/#webpage","url":"https:\/\/www.lbr-store.com\/politica-de-cookies\/","name":"Pol\u00edtica de Cookies - LBR Store","isPartOf":{"@id":"https:\/\/www.lbr-store.com\/#website"},"datePublished":"2018-09-03T00:28:18+00:00","dateModified":"2018-11-14T16:24:30+00:00","breadcrumb":{"@id":"https:\/\/www.lbr-store.com\/politica-de-cookies\/#breadcrumb"},"inLanguage":"en-GB","potentialAction":[{"@type":"ReadAction","target":["https:\/\/www.lbr-store.com\/politica-de-cookies\/"]}]},{"@type":"BreadcrumbList","@id":"https:\/\/www.lbr-store.com\/politica-de-cookies\/#breadcrumb","itemListElement":[{"@type":"ListItem","position":1,"name":"Home","item":"https:\/\/www.lbr-store.com\/"},{"@type":"ListItem","position":2,"name":"Pol\u00edtica de Cookies"}]}]}},"_links":{"self":[{"href":"https:\/\/www.lbr-store.com\/en\/wp-json\/wp\/v2\/pages\/3753"}],"collection":[{"href":"https:\/\/www.lbr-store.com\/en\/wp-json\/wp\/v2\/pages"}],"about":[{"href":"https:\/\/www.lbr-store.com\/en\/wp-json\/wp\/v2\/types\/page"}],"author":[{"embeddable":true,"href":"https:\/\/www.lbr-store.com\/en\/wp-json\/wp\/v2\/users\/1"}],"replies":[{"embeddable":true,"href":"https:\/\/www.lbr-store.com\/en\/wp-json\/wp\/v2\/comments?post=3753"}],"version-history":[{"count":0,"href":"https:\/\/www.lbr-store.com\/en\/wp-json\/wp\/v2\/pages\/3753\/revisions"}],"wp:attachment":[{"href":"https:\/\/www.lbr-store.com\/en\/wp-json\/wp\/v2\/media?parent=3753"}],"curies":[{"name":"wp","href":"https:\/\/api.w.org\/{rel}","templated":true}]}}