{"id":116951,"date":"2022-05-28T22:36:49","date_gmt":"2022-05-28T21:36:49","guid":{"rendered":"https:\/\/www.lbr-store.com\/?post_type=product&#038;p=116951"},"modified":"2025-10-14T22:23:55","modified_gmt":"2025-10-14T21:23:55","slug":"colar-aco-sevilha","status":"publish","type":"product","link":"https:\/\/www.lbr-store.com\/en\/product\/colar-aco-sevilha\/","title":{"rendered":"Seville steel necklace"},"content":{"rendered":"<h3>Gold or silver plated stainless steel necklace<\/h3>\n<p>Including gift bag<\/p>\n<p>&nbsp;<\/p>\n<p>&nbsp;<\/p>","protected":false},"excerpt":{"rendered":"<p>Colar em a\u00e7o inoxid\u00e1vel dourado ou prateado Inclu\u00ed saco de oferta &nbsp; &nbsp;<\/p>","protected":false},"featured_media":120404,"comment_status":"closed","ping_status":"closed","template":"","meta":[],"product_cat":[18],"product_tag":[],"yoast_head":"<!-- This site is optimized with the Yoast SEO Premium plugin v17.6 (Yoast SEO v17.6) - https:\/\/yoast.com\/wordpress\/plugins\/seo\/ -->\n<title>Colares Mulher - Colar a\u00e7o Sevilha LBR Store<\/title>\n<meta name=\"description\" content=\"Colar a\u00e7o Sevilha na LBR Store. Descobre hoje toda a cole\u00e7\u00e3o Colares Mulher na nossa loja online. A qualidade e estilo que procuras.\" \/>\n<meta name=\"robots\" content=\"index, follow, max-snippet:-1, max-image-preview:large, max-video-preview:-1\" \/>\n<link rel=\"canonical\" href=\"https:\/\/www.lbr-store.com\/en\/product\/colar-aco-sevilha\/\" \/>\n<meta property=\"og:locale\" content=\"en_GB\" \/>\n<meta property=\"og:type\" content=\"article\" \/>\n<meta property=\"og:title\" content=\"Colar a\u00e7o Sevilha\" \/>\n<meta property=\"og:description\" content=\"Colar a\u00e7o Sevilha na LBR Store. Descobre hoje toda a cole\u00e7\u00e3o Colares Mulher na nossa loja online. A qualidade e estilo que procuras.\" \/>\n<meta property=\"og:url\" content=\"https:\/\/www.lbr-store.com\/en\/product\/colar-aco-sevilha\/\" \/>\n<meta property=\"og:site_name\" content=\"LBR Store\" \/>\n<meta property=\"article:publisher\" content=\"https:\/\/www.facebook.com\/LBR-store-763861013946217\/\" \/>\n<meta property=\"article:modified_time\" content=\"2025-10-14T21:23:55+00:00\" \/>\n<meta property=\"og:image\" content=\"https:\/\/www.lbr-store.com\/wp-content\/uploads\/IMG_5554-768x768.jpg\" \/>\n\t<meta property=\"og:image:width\" content=\"768\" \/>\n\t<meta property=\"og:image:height\" content=\"768\" \/>\n<meta name=\"twitter:card\" content=\"summary_large_image\" \/>\n<meta name=\"twitter:label1\" content=\"Availability\" \/>\n\t<meta name=\"twitter:data1\" content=\"In stock\" \/>\n<script type=\"application\/ld+json\" class=\"yoast-schema-graph\">{\"@context\":\"https:\/\/schema.org\",\"@graph\":[{\"@type\":\"Organization\",\"@id\":\"https:\/\/www.lbr-store.com\/#organization\",\"name\":\"LBR Store\",\"url\":\"https:\/\/www.lbr-store.com\/\",\"sameAs\":[\"https:\/\/www.facebook.com\/LBR-store-763861013946217\/\",\"https:\/\/www.instagram.com\/lbr.store\/\"],\"logo\":{\"@type\":\"ImageObject\",\"@id\":\"https:\/\/www.lbr-store.com\/#logo\",\"inLanguage\":\"en-GB\",\"url\":\"https:\/\/www.lbr-store.com\/wp-content\/uploads\/lbr-store-2.png\",\"contentUrl\":\"https:\/\/www.lbr-store.com\/wp-content\/uploads\/lbr-store-2.png\",\"width\":1149,\"height\":1795,\"caption\":\"LBR Store\"},\"image\":{\"@id\":\"https:\/\/www.lbr-store.com\/#logo\"}},{\"@type\":\"WebSite\",\"@id\":\"https:\/\/www.lbr-store.com\/#website\",\"url\":\"https:\/\/www.lbr-store.com\/\",\"name\":\"LBR Store\",\"description\":\"Life Builds Roots\",\"publisher\":{\"@id\":\"https:\/\/www.lbr-store.com\/#organization\"},\"potentialAction\":[{\"@type\":\"SearchAction\",\"target\":{\"@type\":\"EntryPoint\",\"urlTemplate\":\"https:\/\/www.lbr-store.com\/?s={search_term_string}\"},\"query-input\":\"required name=search_term_string\"}],\"inLanguage\":\"en-GB\"},{\"@type\":\"ImageObject\",\"@id\":\"https:\/\/www.lbr-store.com\/produto\/colar-aco-sevilha\/#primaryimage\",\"inLanguage\":\"en-GB\",\"url\":\"https:\/\/www.lbr-store.com\/wp-content\/uploads\/IMG_5554.jpg\",\"contentUrl\":\"https:\/\/www.lbr-store.com\/wp-content\/uploads\/IMG_5554.jpg\",\"width\":900,\"height\":900},{\"@type\":\"WebPage\",\"@id\":\"https:\/\/www.lbr-store.com\/produto\/colar-aco-sevilha\/#webpage\",\"url\":\"https:\/\/www.lbr-store.com\/produto\/colar-aco-sevilha\/\",\"name\":\"Colares Mulher - Colar a\\u00e7o Sevilha LBR Store\",\"isPartOf\":{\"@id\":\"https:\/\/www.lbr-store.com\/#website\"},\"primaryImageOfPage\":{\"@id\":\"https:\/\/www.lbr-store.com\/produto\/colar-aco-sevilha\/#primaryimage\"},\"datePublished\":\"2022-05-28T21:36:49+00:00\",\"dateModified\":\"2025-10-14T21:23:55+00:00\",\"description\":\"Colar a\\u00e7o Sevilha na LBR Store. Descobre hoje toda a cole\\u00e7\\u00e3o Colares Mulher na nossa loja online. A qualidade e estilo que procuras.\",\"breadcrumb\":{\"@id\":\"https:\/\/www.lbr-store.com\/produto\/colar-aco-sevilha\/#breadcrumb\"},\"inLanguage\":\"en-GB\",\"potentialAction\":[{\"@type\":\"ReadAction\",\"target\":[\"https:\/\/www.lbr-store.com\/produto\/colar-aco-sevilha\/\"]}]},{\"@type\":\"BreadcrumbList\",\"@id\":\"https:\/\/www.lbr-store.com\/produto\/colar-aco-sevilha\/#breadcrumb\",\"itemListElement\":[{\"@type\":\"ListItem\",\"position\":1,\"name\":\"Home\",\"item\":\"https:\/\/www.lbr-store.com\/\"},{\"@type\":\"ListItem\",\"position\":2,\"name\":\"Loja\",\"item\":\"https:\/\/www.lbr-store.com\/loja\/\"},{\"@type\":\"ListItem\",\"position\":3,\"name\":\"Mulher\",\"item\":\"https:\/\/www.lbr-store.com\/loja\/mulher\/\"},{\"@type\":\"ListItem\",\"position\":4,\"name\":\"Colares Mulher\",\"item\":\"https:\/\/www.lbr-store.com\/loja\/mulher\/colares\/\"},{\"@type\":\"ListItem\",\"position\":5,\"name\":\"Colar a\\u00e7o Sevilha\"}]}]}<\/script>\n<meta property=\"og:availability\" content=\"instock\" \/>\n<meta property=\"product:availability\" content=\"instock\" \/>\n<meta property=\"product:retailer_item_id\" content=\"ColarSevilha\" \/>\n<meta property=\"product:condition\" content=\"new\" \/>\n<!-- \/ Yoast SEO Premium plugin. -->","yoast_head_json":{"title":"Colares Mulher - Colar a\u00e7o Sevilha LBR Store","description":"Colar a\u00e7o Sevilha na LBR Store. Descobre hoje toda a cole\u00e7\u00e3o Colares Mulher na nossa loja online. A qualidade e estilo que procuras.","robots":{"index":"index","follow":"follow","max-snippet":"max-snippet:-1","max-image-preview":"max-image-preview:large","max-video-preview":"max-video-preview:-1"},"canonical":"https:\/\/www.lbr-store.com\/en\/product\/colar-aco-sevilha\/","og_locale":"en_GB","og_type":"article","og_title":"Colar a\u00e7o Sevilha","og_description":"Colar a\u00e7o Sevilha na LBR Store. Descobre hoje toda a cole\u00e7\u00e3o Colares Mulher na nossa loja online. A qualidade e estilo que procuras.","og_url":"https:\/\/www.lbr-store.com\/en\/product\/colar-aco-sevilha\/","og_site_name":"LBR Store","article_publisher":"https:\/\/www.facebook.com\/LBR-store-763861013946217\/","article_modified_time":"2025-10-14T21:23:55+00:00","og_image":[{"width":768,"height":768,"url":"https:\/\/www.lbr-store.com\/wp-content\/uploads\/IMG_5554-768x768.jpg","type":"image\/jpeg"}],"twitter_card":"summary_large_image","twitter_misc":{"Availability":"In stock"},"schema":{"@context":"https:\/\/schema.org","@graph":[{"@type":"Organization","@id":"https:\/\/www.lbr-store.com\/#organization","name":"LBR Store","url":"https:\/\/www.lbr-store.com\/","sameAs":["https:\/\/www.facebook.com\/LBR-store-763861013946217\/","https:\/\/www.instagram.com\/lbr.store\/"],"logo":{"@type":"ImageObject","@id":"https:\/\/www.lbr-store.com\/#logo","inLanguage":"en-GB","url":"https:\/\/www.lbr-store.com\/wp-content\/uploads\/lbr-store-2.png","contentUrl":"https:\/\/www.lbr-store.com\/wp-content\/uploads\/lbr-store-2.png","width":1149,"height":1795,"caption":"LBR Store"},"image":{"@id":"https:\/\/www.lbr-store.com\/#logo"}},{"@type":"WebSite","@id":"https:\/\/www.lbr-store.com\/#website","url":"https:\/\/www.lbr-store.com\/","name":"LBR Store","description":"Life Builds Roots","publisher":{"@id":"https:\/\/www.lbr-store.com\/#organization"},"potentialAction":[{"@type":"SearchAction","target":{"@type":"EntryPoint","urlTemplate":"https:\/\/www.lbr-store.com\/?s={search_term_string}"},"query-input":"required name=search_term_string"}],"inLanguage":"en-GB"},{"@type":"ImageObject","@id":"https:\/\/www.lbr-store.com\/produto\/colar-aco-sevilha\/#primaryimage","inLanguage":"en-GB","url":"https:\/\/www.lbr-store.com\/wp-content\/uploads\/IMG_5554.jpg","contentUrl":"https:\/\/www.lbr-store.com\/wp-content\/uploads\/IMG_5554.jpg","width":900,"height":900},{"@type":"WebPage","@id":"https:\/\/www.lbr-store.com\/produto\/colar-aco-sevilha\/#webpage","url":"https:\/\/www.lbr-store.com\/produto\/colar-aco-sevilha\/","name":"Colares Mulher - Colar a\u00e7o Sevilha LBR Store","isPartOf":{"@id":"https:\/\/www.lbr-store.com\/#website"},"primaryImageOfPage":{"@id":"https:\/\/www.lbr-store.com\/produto\/colar-aco-sevilha\/#primaryimage"},"datePublished":"2022-05-28T21:36:49+00:00","dateModified":"2025-10-14T21:23:55+00:00","description":"Colar a\u00e7o Sevilha na LBR Store. Descobre hoje toda a cole\u00e7\u00e3o Colares Mulher na nossa loja online. A qualidade e estilo que procuras.","breadcrumb":{"@id":"https:\/\/www.lbr-store.com\/produto\/colar-aco-sevilha\/#breadcrumb"},"inLanguage":"en-GB","potentialAction":[{"@type":"ReadAction","target":["https:\/\/www.lbr-store.com\/produto\/colar-aco-sevilha\/"]}]},{"@type":"BreadcrumbList","@id":"https:\/\/www.lbr-store.com\/produto\/colar-aco-sevilha\/#breadcrumb","itemListElement":[{"@type":"ListItem","position":1,"name":"Home","item":"https:\/\/www.lbr-store.com\/"},{"@type":"ListItem","position":2,"name":"Loja","item":"https:\/\/www.lbr-store.com\/loja\/"},{"@type":"ListItem","position":3,"name":"Mulher","item":"https:\/\/www.lbr-store.com\/loja\/mulher\/"},{"@type":"ListItem","position":4,"name":"Colares Mulher","item":"https:\/\/www.lbr-store.com\/loja\/mulher\/colares\/"},{"@type":"ListItem","position":5,"name":"Colar a\u00e7o Sevilha"}]}]},"og_availability":"instock","product_availability":"instock","product_retailer_item_id":"ColarSevilha","product_condition":"new"},"_links":{"self":[{"href":"https:\/\/www.lbr-store.com\/en\/wp-json\/wp\/v2\/product\/116951"}],"collection":[{"href":"https:\/\/www.lbr-store.com\/en\/wp-json\/wp\/v2\/product"}],"about":[{"href":"https:\/\/www.lbr-store.com\/en\/wp-json\/wp\/v2\/types\/product"}],"replies":[{"embeddable":true,"href":"https:\/\/www.lbr-store.com\/en\/wp-json\/wp\/v2\/comments?post=116951"}],"wp:featuredmedia":[{"embeddable":true,"href":"https:\/\/www.lbr-store.com\/en\/wp-json\/wp\/v2\/media\/120404"}],"wp:attachment":[{"href":"https:\/\/www.lbr-store.com\/en\/wp-json\/wp\/v2\/media?parent=116951"}],"wp:term":[{"taxonomy":"product_cat","embeddable":true,"href":"https:\/\/www.lbr-store.com\/en\/wp-json\/wp\/v2\/product_cat?post=116951"},{"taxonomy":"product_tag","embeddable":true,"href":"https:\/\/www.lbr-store.com\/en\/wp-json\/wp\/v2\/product_tag?post=116951"}],"curies":[{"name":"wp","href":"https:\/\/api.w.org\/{rel}","templated":true}]}}