{"id":27591,"date":"2020-08-04T00:58:23","date_gmt":"2020-08-03T23:58:23","guid":{"rendered":"https:\/\/www.lbr-store.com\/?post_type=product&#038;p=27591"},"modified":"2024-02-27T21:22:46","modified_gmt":"2024-02-27T21:22:46","slug":"anel-treviso","status":"publish","type":"product","link":"https:\/\/www.lbr-store.com\/en\/product\/anel-treviso\/","title":{"rendered":"Treviso steel ring"},"content":{"rendered":"<h3>Silver-plated stainless steel ring<\/h3>\n<h3>Adjustable model<\/h3>\n<p>Including gift bag<\/p>\n<p>&nbsp;<\/p>","protected":false},"excerpt":{"rendered":"<p>Anel em a\u00e7o inoxid\u00e1vel prateado Modelo ajust\u00e1vel Inclu\u00ed saco de oferta &nbsp;<\/p>","protected":false},"featured_media":27593,"comment_status":"closed","ping_status":"closed","template":"","meta":[],"product_cat":[281],"product_tag":[],"yoast_head":"<!-- This site is optimized with the Yoast SEO Premium plugin v17.6 (Yoast SEO v17.6) - https:\/\/yoast.com\/wordpress\/plugins\/seo\/ -->\n<title>An\u00e9is Mulher - Anel a\u00e7o Treviso LBR Store<\/title>\n<meta name=\"description\" content=\"Anel a\u00e7o Treviso na LBR Store. Descobre hoje toda a cole\u00e7\u00e3o An\u00e9is Mulher na nossa loja online. A qualidade e estilo que procuras.\" \/>\n<meta name=\"robots\" content=\"index, follow, max-snippet:-1, max-image-preview:large, max-video-preview:-1\" \/>\n<link rel=\"canonical\" href=\"https:\/\/www.lbr-store.com\/en\/product\/anel-treviso\/\" \/>\n<meta property=\"og:locale\" content=\"en_GB\" \/>\n<meta property=\"og:type\" content=\"article\" \/>\n<meta property=\"og:title\" content=\"Anel a\u00e7o Treviso\" \/>\n<meta property=\"og:description\" content=\"Anel a\u00e7o Treviso na LBR Store. Descobre hoje toda a cole\u00e7\u00e3o An\u00e9is Mulher na nossa loja online. A qualidade e estilo que procuras.\" \/>\n<meta property=\"og:url\" content=\"https:\/\/www.lbr-store.com\/en\/product\/anel-treviso\/\" \/>\n<meta property=\"og:site_name\" content=\"LBR Store\" \/>\n<meta property=\"article:publisher\" content=\"https:\/\/www.facebook.com\/LBR-store-763861013946217\/\" \/>\n<meta property=\"article:modified_time\" content=\"2024-02-27T21:22:46+00:00\" \/>\n<meta property=\"og:image\" content=\"https:\/\/www.lbr-store.com\/wp-content\/uploads\/IMG-6773-e1602179177349.jpg\" \/>\n\t<meta property=\"og:image:width\" content=\"900\" \/>\n\t<meta property=\"og:image:height\" content=\"900\" \/>\n<meta name=\"twitter:card\" content=\"summary_large_image\" \/>\n<meta name=\"twitter:label1\" content=\"Price\" \/>\n\t<meta name=\"twitter:data1\" content=\"12.00&nbsp;&euro;\" \/>\n\t<meta name=\"twitter:label2\" content=\"Availability\" \/>\n\t<meta name=\"twitter:data2\" content=\"In stock\" \/>\n<script type=\"application\/ld+json\" class=\"yoast-schema-graph\">{\"@context\":\"https:\/\/schema.org\",\"@graph\":[{\"@type\":\"Organization\",\"@id\":\"https:\/\/www.lbr-store.com\/#organization\",\"name\":\"LBR Store\",\"url\":\"https:\/\/www.lbr-store.com\/\",\"sameAs\":[\"https:\/\/www.facebook.com\/LBR-store-763861013946217\/\",\"https:\/\/www.instagram.com\/lbr.store\/\"],\"logo\":{\"@type\":\"ImageObject\",\"@id\":\"https:\/\/www.lbr-store.com\/#logo\",\"inLanguage\":\"en-GB\",\"url\":\"https:\/\/www.lbr-store.com\/wp-content\/uploads\/lbr-store-2.png\",\"contentUrl\":\"https:\/\/www.lbr-store.com\/wp-content\/uploads\/lbr-store-2.png\",\"width\":1149,\"height\":1795,\"caption\":\"LBR Store\"},\"image\":{\"@id\":\"https:\/\/www.lbr-store.com\/#logo\"}},{\"@type\":\"WebSite\",\"@id\":\"https:\/\/www.lbr-store.com\/#website\",\"url\":\"https:\/\/www.lbr-store.com\/\",\"name\":\"LBR Store\",\"description\":\"Life Builds Roots\",\"publisher\":{\"@id\":\"https:\/\/www.lbr-store.com\/#organization\"},\"potentialAction\":[{\"@type\":\"SearchAction\",\"target\":{\"@type\":\"EntryPoint\",\"urlTemplate\":\"https:\/\/www.lbr-store.com\/?s={search_term_string}\"},\"query-input\":\"required name=search_term_string\"}],\"inLanguage\":\"en-GB\"},{\"@type\":\"ImageObject\",\"@id\":\"https:\/\/www.lbr-store.com\/produto\/anel-treviso\/#primaryimage\",\"inLanguage\":\"en-GB\",\"url\":\"https:\/\/www.lbr-store.com\/wp-content\/uploads\/IMG-6773-e1602179177349.jpg\",\"contentUrl\":\"https:\/\/www.lbr-store.com\/wp-content\/uploads\/IMG-6773-e1602179177349.jpg\",\"width\":900,\"height\":900},{\"@type\":\"WebPage\",\"@id\":\"https:\/\/www.lbr-store.com\/produto\/anel-treviso\/#webpage\",\"url\":\"https:\/\/www.lbr-store.com\/produto\/anel-treviso\/\",\"name\":\"An\\u00e9is Mulher - Anel a\\u00e7o Treviso LBR Store\",\"isPartOf\":{\"@id\":\"https:\/\/www.lbr-store.com\/#website\"},\"primaryImageOfPage\":{\"@id\":\"https:\/\/www.lbr-store.com\/produto\/anel-treviso\/#primaryimage\"},\"datePublished\":\"2020-08-03T23:58:23+00:00\",\"dateModified\":\"2024-02-27T21:22:46+00:00\",\"description\":\"Anel a\\u00e7o Treviso na LBR Store. Descobre hoje toda a cole\\u00e7\\u00e3o An\\u00e9is Mulher na nossa loja online. A qualidade e estilo que procuras.\",\"breadcrumb\":{\"@id\":\"https:\/\/www.lbr-store.com\/produto\/anel-treviso\/#breadcrumb\"},\"inLanguage\":\"en-GB\",\"potentialAction\":[{\"@type\":\"ReadAction\",\"target\":[\"https:\/\/www.lbr-store.com\/produto\/anel-treviso\/\"]}]},{\"@type\":\"BreadcrumbList\",\"@id\":\"https:\/\/www.lbr-store.com\/produto\/anel-treviso\/#breadcrumb\",\"itemListElement\":[{\"@type\":\"ListItem\",\"position\":1,\"name\":\"Home\",\"item\":\"https:\/\/www.lbr-store.com\/\"},{\"@type\":\"ListItem\",\"position\":2,\"name\":\"Loja\",\"item\":\"https:\/\/www.lbr-store.com\/loja\/\"},{\"@type\":\"ListItem\",\"position\":3,\"name\":\"Mulher\",\"item\":\"https:\/\/www.lbr-store.com\/loja\/mulher\/\"},{\"@type\":\"ListItem\",\"position\":4,\"name\":\"An\\u00e9is Mulher\",\"item\":\"https:\/\/www.lbr-store.com\/loja\/mulher\/anel\/\"},{\"@type\":\"ListItem\",\"position\":5,\"name\":\"Anel a\\u00e7o Treviso\"}]}]}<\/script>\n<meta property=\"product:price:amount\" content=\"12.00\" \/>\n<meta property=\"product:price:currency\" content=\"EUR\" \/>\n<meta property=\"og:availability\" content=\"instock\" \/>\n<meta property=\"product:availability\" content=\"instock\" \/>\n<meta property=\"product:retailer_item_id\" content=\"AnelTreviso\" \/>\n<meta property=\"product:condition\" content=\"new\" \/>\n<!-- \/ Yoast SEO Premium plugin. -->","yoast_head_json":{"title":"An\u00e9is Mulher - Anel a\u00e7o Treviso LBR Store","description":"Anel a\u00e7o Treviso na LBR Store. Descobre hoje toda a cole\u00e7\u00e3o An\u00e9is Mulher na nossa loja online. A qualidade e estilo que procuras.","robots":{"index":"index","follow":"follow","max-snippet":"max-snippet:-1","max-image-preview":"max-image-preview:large","max-video-preview":"max-video-preview:-1"},"canonical":"https:\/\/www.lbr-store.com\/en\/product\/anel-treviso\/","og_locale":"en_GB","og_type":"article","og_title":"Anel a\u00e7o Treviso","og_description":"Anel a\u00e7o Treviso na LBR Store. Descobre hoje toda a cole\u00e7\u00e3o An\u00e9is Mulher na nossa loja online. A qualidade e estilo que procuras.","og_url":"https:\/\/www.lbr-store.com\/en\/product\/anel-treviso\/","og_site_name":"LBR Store","article_publisher":"https:\/\/www.facebook.com\/LBR-store-763861013946217\/","article_modified_time":"2024-02-27T21:22:46+00:00","og_image":[{"width":900,"height":900,"url":"https:\/\/www.lbr-store.com\/wp-content\/uploads\/IMG-6773-e1602179177349.jpg","type":"image\/jpeg"}],"twitter_card":"summary_large_image","twitter_misc":{"Price":"12.00&nbsp;&euro;","Availability":"In stock"},"schema":{"@context":"https:\/\/schema.org","@graph":[{"@type":"Organization","@id":"https:\/\/www.lbr-store.com\/#organization","name":"LBR Store","url":"https:\/\/www.lbr-store.com\/","sameAs":["https:\/\/www.facebook.com\/LBR-store-763861013946217\/","https:\/\/www.instagram.com\/lbr.store\/"],"logo":{"@type":"ImageObject","@id":"https:\/\/www.lbr-store.com\/#logo","inLanguage":"en-GB","url":"https:\/\/www.lbr-store.com\/wp-content\/uploads\/lbr-store-2.png","contentUrl":"https:\/\/www.lbr-store.com\/wp-content\/uploads\/lbr-store-2.png","width":1149,"height":1795,"caption":"LBR Store"},"image":{"@id":"https:\/\/www.lbr-store.com\/#logo"}},{"@type":"WebSite","@id":"https:\/\/www.lbr-store.com\/#website","url":"https:\/\/www.lbr-store.com\/","name":"LBR Store","description":"Life Builds Roots","publisher":{"@id":"https:\/\/www.lbr-store.com\/#organization"},"potentialAction":[{"@type":"SearchAction","target":{"@type":"EntryPoint","urlTemplate":"https:\/\/www.lbr-store.com\/?s={search_term_string}"},"query-input":"required name=search_term_string"}],"inLanguage":"en-GB"},{"@type":"ImageObject","@id":"https:\/\/www.lbr-store.com\/produto\/anel-treviso\/#primaryimage","inLanguage":"en-GB","url":"https:\/\/www.lbr-store.com\/wp-content\/uploads\/IMG-6773-e1602179177349.jpg","contentUrl":"https:\/\/www.lbr-store.com\/wp-content\/uploads\/IMG-6773-e1602179177349.jpg","width":900,"height":900},{"@type":"WebPage","@id":"https:\/\/www.lbr-store.com\/produto\/anel-treviso\/#webpage","url":"https:\/\/www.lbr-store.com\/produto\/anel-treviso\/","name":"An\u00e9is Mulher - Anel a\u00e7o Treviso LBR Store","isPartOf":{"@id":"https:\/\/www.lbr-store.com\/#website"},"primaryImageOfPage":{"@id":"https:\/\/www.lbr-store.com\/produto\/anel-treviso\/#primaryimage"},"datePublished":"2020-08-03T23:58:23+00:00","dateModified":"2024-02-27T21:22:46+00:00","description":"Anel a\u00e7o Treviso na LBR Store. Descobre hoje toda a cole\u00e7\u00e3o An\u00e9is Mulher na nossa loja online. A qualidade e estilo que procuras.","breadcrumb":{"@id":"https:\/\/www.lbr-store.com\/produto\/anel-treviso\/#breadcrumb"},"inLanguage":"en-GB","potentialAction":[{"@type":"ReadAction","target":["https:\/\/www.lbr-store.com\/produto\/anel-treviso\/"]}]},{"@type":"BreadcrumbList","@id":"https:\/\/www.lbr-store.com\/produto\/anel-treviso\/#breadcrumb","itemListElement":[{"@type":"ListItem","position":1,"name":"Home","item":"https:\/\/www.lbr-store.com\/"},{"@type":"ListItem","position":2,"name":"Loja","item":"https:\/\/www.lbr-store.com\/loja\/"},{"@type":"ListItem","position":3,"name":"Mulher","item":"https:\/\/www.lbr-store.com\/loja\/mulher\/"},{"@type":"ListItem","position":4,"name":"An\u00e9is Mulher","item":"https:\/\/www.lbr-store.com\/loja\/mulher\/anel\/"},{"@type":"ListItem","position":5,"name":"Anel a\u00e7o Treviso"}]}]},"product_price_amount":"12.00","product_price_currency":"EUR","og_availability":"instock","product_availability":"instock","product_retailer_item_id":"AnelTreviso","product_condition":"new"},"_links":{"self":[{"href":"https:\/\/www.lbr-store.com\/en\/wp-json\/wp\/v2\/product\/27591"}],"collection":[{"href":"https:\/\/www.lbr-store.com\/en\/wp-json\/wp\/v2\/product"}],"about":[{"href":"https:\/\/www.lbr-store.com\/en\/wp-json\/wp\/v2\/types\/product"}],"replies":[{"embeddable":true,"href":"https:\/\/www.lbr-store.com\/en\/wp-json\/wp\/v2\/comments?post=27591"}],"wp:featuredmedia":[{"embeddable":true,"href":"https:\/\/www.lbr-store.com\/en\/wp-json\/wp\/v2\/media\/27593"}],"wp:attachment":[{"href":"https:\/\/www.lbr-store.com\/en\/wp-json\/wp\/v2\/media?parent=27591"}],"wp:term":[{"taxonomy":"product_cat","embeddable":true,"href":"https:\/\/www.lbr-store.com\/en\/wp-json\/wp\/v2\/product_cat?post=27591"},{"taxonomy":"product_tag","embeddable":true,"href":"https:\/\/www.lbr-store.com\/en\/wp-json\/wp\/v2\/product_tag?post=27591"}],"curies":[{"name":"wp","href":"https:\/\/api.w.org\/{rel}","templated":true}]}}